{"id":2004,"date":"2022-03-07T15:13:36","date_gmt":"2022-03-07T14:13:36","guid":{"rendered":"https:\/\/www.bibletraditions.org\/accueil\/"},"modified":"2023-01-17T09:54:42","modified_gmt":"2023-01-17T08:54:42","slug":"accueil","status":"publish","type":"page","link":"https:\/\/www.bibletraditions.org\/en\/","title":{"rendered":"Home"},"content":{"rendered":"<p>[et_pb_section fb_built=&#8221;1&#8243; module_class=&#8221;home-banner-ctas&#8221; _builder_version=&#8221;4.9.4&#8243; _module_preset=&#8221;default&#8221; background_color=&#8221;#1c2847&#8243; custom_padding=&#8221;70px||0px||false|false&#8221;][et_pb_row column_structure=&#8221;1_2,1_2&#8243; use_custom_gutter=&#8221;on&#8221; gutter_width=&#8221;1&#8243; _builder_version=&#8221;4.9.4&#8243; _module_preset=&#8221;default&#8221; max_width=&#8221;1300px&#8221; custom_padding=&#8221;0px|30px|0px|30px|false|false&#8221;][et_pb_column type=&#8221;1_2&#8243; _builder_version=&#8221;4.9.4&#8243; _module_preset=&#8221;default&#8221; custom_css_main_element=&#8221;display: flex;||justify-content: space-around;&#8221;][et_pb_text module_class=&#8221;home-banner-cta&#8221; _builder_version=&#8221;4.9.4&#8243; _module_preset=&#8221;default&#8221; text_text_color=&#8221;#FFFFFF&#8221; text_font_size=&#8221;14px&#8221; text_line_height=&#8221;18px&#8221; link_font=&#8221;||||on|||RGBA(0,0,0,0)|&#8221; link_text_color=&#8221;#FFFFFF&#8221; custom_margin=&#8221;||0px||false|false&#8221;]<img decoding=\"async\" src=\"https:\/\/www.bibletraditions.org\/wp-content\/uploads\/2022\/03\/scroll-1.svg\" width=\"undefined\" height=\"undefined\" alt=\"\" class=\"wp-image-446 alignnone size-medium\" style=\"display: block; margin-left: auto; margin-right: auto;\" \/><\/p>\n<p style=\"text-align: center;\"><strong><span>Read<\/span><br \/>\non the scroll<\/strong><strong><\/strong><\/p>\n<p style=\"text-align: center;\"><a href=\"https:\/\/scroll.bibletraditions.org\/bible\" title=\"Lire sur le scroll\" target=\"_blank\" rel=\"noopener\">&gt;\u00a0<\/a><\/p>\n<p>[\/et_pb_text][et_pb_text module_class=&#8221;home-banner-cta bloc-2&#8243; _builder_version=&#8221;4.9.4&#8243; _module_preset=&#8221;default&#8221; text_text_color=&#8221;#FFFFFF&#8221; text_font_size=&#8221;14px&#8221; text_line_height=&#8221;18px&#8221; link_font=&#8221;||||on|||RGBA(0,0,0,0)|&#8221; link_text_color=&#8221;#FFFFFF&#8221; custom_margin=&#8221;||0px||false|false&#8221; custom_padding=&#8221;|16px||16px|false|false&#8221;]<img decoding=\"async\" src=\"https:\/\/www.bibletraditions.org\/wp-content\/uploads\/2022\/03\/crayon-1.svg\" width=\"undefined\" height=\"undefined\" alt=\"\" class=\"wp-image-445 alignnone size-medium\" style=\"display: block; margin-left: auto; margin-right: auto;\" \/><\/p>\n<p style=\"text-align: center;\"><strong><span>Create<\/span><br \/>\non the dedicated site<br \/>\n<\/strong><\/p>\n<p style=\"text-align: center;\"><a href=\"https:\/\/bibletraditions.org\/\" title=\"Lire sur le scroll\" target=\"_blank\" rel=\"noopener\">&gt;\u00a0<\/a><\/p>\n<p>[\/et_pb_text][et_pb_text module_class=&#8221;home-banner-cta bloc-2&#8243; _builder_version=&#8221;4.9.4&#8243; _module_preset=&#8221;default&#8221; text_text_color=&#8221;#FFFFFF&#8221; text_font_size=&#8221;14px&#8221; text_line_height=&#8221;18px&#8221; link_font=&#8221;||||on|||RGBA(0,0,0,0)|&#8221; link_text_color=&#8221;#FFFFFF&#8221; custom_margin=&#8221;||0px||false|false&#8221;]<img decoding=\"async\" src=\"https:\/\/www.bibletraditions.org\/wp-content\/uploads\/2022\/03\/smile-1.svg\" width=\"undefined\" height=\"undefined\" alt=\"\" class=\"wp-image-447 alignnone size-medium\" style=\"display: block; margin-left: auto; margin-right: auto;\" \/><\/p>\n<p style=\"text-align: center;\"><strong><span>Taste<\/span><br \/>\nvia BibleArt<\/strong><\/p>\n<p style=\"text-align: center;\"><a href=\"https:\/\/bibleart.com\/\" title=\"Lire sur le scroll\" target=\"_blank\" rel=\"noopener\">&gt;\u00a0<\/a><\/p>\n<p>[\/et_pb_text][\/et_pb_column][et_pb_column type=&#8221;1_2&#8243; _builder_version=&#8221;4.9.4&#8243; _module_preset=&#8221;default&#8221;][\/et_pb_column][\/et_pb_row][\/et_pb_section][et_pb_section fb_built=&#8221;1&#8243; custom_padding_last_edited=&#8221;on|tablet&#8221; _builder_version=&#8221;4.9.4&#8243; _module_preset=&#8221;default&#8221; background_color=&#8221;#1c2847&#8243; custom_padding=&#8221;38px||36px||false|false&#8221; custom_padding_tablet=&#8221;38px||0px||false|false&#8221; custom_padding_phone=&#8221;&#8221;][et_pb_row column_structure=&#8221;1_2,1_2&#8243; use_custom_gutter=&#8221;on&#8221; gutter_width=&#8221;1&#8243; _builder_version=&#8221;4.9.4&#8243; _module_preset=&#8221;default&#8221; max_width=&#8221;1300px&#8221; custom_padding=&#8221;0px|30px|0px|30px|false|false&#8221; custom_css_main_element=&#8221;position: relative;&#8221;][et_pb_column type=&#8221;1_2&#8243; _builder_version=&#8221;4.9.4&#8243; _module_preset=&#8221;default&#8221; custom_css_main_element=&#8221;margin-bottom: 0;&#8221;][et_pb_text _builder_version=&#8221;4.9.4&#8243; _module_preset=&#8221;default&#8221; text_text_color=&#8221;#FFFFFF&#8221; width=&#8221;607px&#8221; max_width=&#8221;100%&#8221; custom_margin=&#8221;||0px||false|false&#8221;]<\/p>\n<p>In the age of digital humanities, the research program \u201cThe Bible in its Traditions\u201d studies the biblical books as the Word of God manifested in the words of men. Directed by the \u00c9cole biblique et arch\u00e9ologique of Jerusalem, it is dedicated to all seekers of truth.<\/p>\n<p>[\/et_pb_text][et_pb_button button_url=&#8221;@ET-DC@eyJkeW5hbWljIjp0cnVlLCJjb250ZW50IjoicG9zdF9saW5rX3VybF9wYWdlIiwic2V0dGluZ3MiOnsicG9zdF9pZCI6IjY4In19@&#8221; button_text=&#8221;Learn more about tools&#8221; button_alignment=&#8221;center&#8221; _builder_version=&#8221;4.9.4&#8243; _dynamic_attributes=&#8221;button_url&#8221; _module_preset=&#8221;4504ec4a-b969-4a26-9fd2-b32d675e49f7&#8243; custom_margin=&#8221;14px||||false|false&#8221;][\/et_pb_button][\/et_pb_column][et_pb_column type=&#8221;1_2&#8243; _builder_version=&#8221;4.9.4&#8243; _module_preset=&#8221;default&#8221; custom_css_main_element=&#8221;position: static;&#8221;][et_pb_image src=&#8221;https:\/\/www.bibletraditions.org\/wp-content\/uploads\/2022\/04\/best-banniere-2.png&#8221; title_text=&#8221;BEST-banniere&#8221; align_tablet=&#8221;center&#8221; align_phone=&#8221;&#8221; align_last_edited=&#8221;on|tablet&#8221; _builder_version=&#8221;4.9.4&#8243; _module_preset=&#8221;default&#8221; transform_scale_tablet=&#8221;&#8221; transform_scale_phone=&#8221;&#8221; transform_scale_last_edited=&#8221;on|tablet&#8221; transform_translate_tablet=&#8221;0px|50px&#8221; transform_translate_phone=&#8221;&#8221; transform_translate_last_edited=&#8221;on|tablet&#8221; transform_translate_linked=&#8221;off&#8221; transform_rotate_tablet=&#8221;&#8221; transform_rotate_phone=&#8221;&#8221; transform_rotate_last_edited=&#8221;on|tablet&#8221; transform_skew_tablet=&#8221;&#8221; transform_skew_phone=&#8221;&#8221; transform_skew_last_edited=&#8221;on|tablet&#8221; transform_origin_tablet=&#8221;&#8221; transform_origin_phone=&#8221;&#8221; transform_origin_last_edited=&#8221;on|tablet&#8221; transform_styles_last_edited=&#8221;on|tablet&#8221; positioning=&#8221;absolute&#8221; position_origin_a=&#8221;bottom_right&#8221; position_origin_a_tablet=&#8221;&#8221; position_origin_a_phone=&#8221;&#8221; position_origin_a_last_edited=&#8221;on|tablet&#8221; position_origin_f_tablet=&#8221;&#8221; position_origin_f_phone=&#8221;&#8221; position_origin_f_last_edited=&#8221;on|tablet&#8221; position_origin_r_tablet=&#8221;&#8221; position_origin_r_phone=&#8221;&#8221; position_origin_r_last_edited=&#8221;on|tablet&#8221; width=&#8221;100%&#8221; transform_styles_tablet=&#8221;&#8221; transform_styles_phone=&#8221;&#8221; positioning_tablet=&#8221;relative&#8221; positioning_phone=&#8221;&#8221; positioning_last_edited=&#8221;on|tablet&#8221; custom_css_main_element=&#8221;width: auto;||bottom: -115px;||z-index: 50;||max-width: 50%;&#8221; custom_css_main_element_last_edited=&#8221;on|tablet&#8221; custom_css_main_element_tablet=&#8221;z-index: 50;&#8221;][\/et_pb_image][\/et_pb_column][\/et_pb_row][\/et_pb_section][et_pb_section fb_built=&#8221;1&#8243; custom_padding_last_edited=&#8221;on|tablet&#8221; _builder_version=&#8221;4.9.4&#8243; _module_preset=&#8221;default&#8221; custom_padding=&#8221;94px||114px||false|false&#8221; custom_padding_tablet=&#8221;||76px||false|false&#8221; custom_padding_phone=&#8221;||76px||false|false&#8221; global_colors_info=&#8221;{}&#8221;][et_pb_row _builder_version=&#8221;4.9.4&#8243; _module_preset=&#8221;default&#8221; max_width=&#8221;1300px&#8221; custom_padding=&#8221;0px|30px|0px|30px|false|false&#8221; custom_css_main_element=&#8221;display: flex;&#8221;][et_pb_column type=&#8221;4_4&#8243; _builder_version=&#8221;4.9.4&#8243; _module_preset=&#8221;default&#8221; custom_css_main_element=&#8221;display: flex;&#8221;][et_pb_text _builder_version=&#8221;4.9.4&#8243; _module_preset=&#8221;default&#8221; custom_margin=&#8221;||0px||false|false&#8221; custom_padding=&#8221;|20px|||false|false&#8221;]<\/p>\n<h2>News<\/h2>\n<p>[\/et_pb_text][et_pb_text _builder_version=&#8221;4.9.4&#8243; _module_preset=&#8221;default&#8221; text_font=&#8221;|600|||||||&#8221; text_font_size=&#8221;14px&#8221; text_line_height=&#8221;19px&#8221; custom_padding=&#8221;14px||||false|false&#8221;]<\/p>\n<p><a href=\"https:\/\/www.bibletraditions.org\/en\/news\/\" title=\"actualites\">See all &gt;<\/a><\/p>\n<p>[\/et_pb_text][\/et_pb_column][\/et_pb_row][et_pb_row _builder_version=&#8221;4.9.4&#8243; _module_preset=&#8221;default&#8221; max_width=&#8221;1300px&#8221; custom_padding=&#8221;0px|30px|0px|30px|false|false&#8221; global_colors_info=&#8221;{}&#8221;][et_pb_column type=&#8221;4_4&#8243; _builder_version=&#8221;4.14.8&#8243; _module_preset=&#8221;default&#8221; global_colors_info=&#8221;{}&#8221;][et_pb_blog posts_number=&#8221;3&#8243; meta_date=&#8221;j F Y&#8221; _builder_version=&#8221;4.9.4&#8243; _module_preset=&#8221;default&#8221; global_colors_info=&#8221;{}&#8221;][\/et_pb_blog][\/et_pb_column][\/et_pb_row][\/et_pb_section][et_pb_section fb_built=&#8221;1&#8243; custom_padding_last_edited=&#8221;on|tablet&#8221; module_class=&#8221;books-dark&#8221; _builder_version=&#8221;4.14.8&#8243; _module_preset=&#8221;default&#8221; background_color=&#8221;#101E38&#8243; custom_padding=&#8221;114px||114px||true|false&#8221; custom_padding_tablet=&#8221;38px||38px||true|false&#8221; custom_padding_phone=&#8221;38px||38px||true|false&#8221; global_colors_info=&#8221;{}&#8221;][et_pb_row _builder_version=&#8221;4.9.4&#8243; _module_preset=&#8221;default&#8221; max_width=&#8221;1300px&#8221; custom_padding=&#8221;0px|30px|0px|30px|false|false&#8221; global_colors_info=&#8221;{}&#8221;][et_pb_column type=&#8221;4_4&#8243; _builder_version=&#8221;4.14.8&#8243; _module_preset=&#8221;default&#8221; global_colors_info=&#8221;{}&#8221;][beex_books_slider module_id=&#8221;books&#8221; _builder_version=&#8221;4.9.4&#8243; _module_preset=&#8221;default&#8221; global_colors_info=&#8221;{}&#8221;][\/beex_books_slider][\/et_pb_column][\/et_pb_row][\/et_pb_section][et_pb_section fb_built=&#8221;1&#8243; custom_padding_last_edited=&#8221;on|tablet&#8221; _builder_version=&#8221;4.14.8&#8243; _module_preset=&#8221;default&#8221; custom_padding=&#8221;114px||76px||false|false&#8221; custom_padding_tablet=&#8221;76px||76px||false|false&#8221; custom_padding_phone=&#8221;38px||38px||true|false&#8221; global_colors_info=&#8221;{}&#8221;][et_pb_row _builder_version=&#8221;4.9.4&#8243; _module_preset=&#8221;default&#8221; max_width=&#8221;1300px&#8221; custom_padding=&#8221;0px|30px|0px|30px|false|false&#8221; global_colors_info=&#8221;{}&#8221;][et_pb_column type=&#8221;4_4&#8243; _builder_version=&#8221;4.14.8&#8243; _module_preset=&#8221;default&#8221; global_colors_info=&#8221;{}&#8221;][et_pb_text _builder_version=&#8221;4.9.4&#8243; _module_preset=&#8221;default&#8221; header_2_text_align=&#8221;center&#8221; header_2_text_color=&#8221;#349C71&#8243; global_colors_info=&#8221;{}&#8221;]<\/p>\n<h2>They talk about us<\/h2>\n<p>[\/et_pb_text][beex_news_list _builder_version=&#8221;4.14.8&#8243; _module_preset=&#8221;default&#8221;][\/beex_news_list][\/et_pb_column][\/et_pb_row][\/et_pb_section][et_pb_section fb_built=&#8221;1&#8243; _builder_version=&#8221;4.14.8&#8243; _module_preset=&#8221;default&#8221; custom_padding=&#8221;0px||0px||false|false&#8221; global_colors_info=&#8221;{}&#8221;][et_pb_row column_structure=&#8221;1_2,1_2&#8243; _builder_version=&#8221;4.9.4&#8243; _module_preset=&#8221;default&#8221; max_width=&#8221;1300px&#8221; custom_padding=&#8221;0px|30px|0px|30px|false|false&#8221; global_colors_info=&#8221;{}&#8221;][et_pb_column type=&#8221;1_2&#8243; _builder_version=&#8221;4.14.8&#8243; _module_preset=&#8221;default&#8221; global_colors_info=&#8221;{}&#8221;][\/et_pb_column][et_pb_column type=&#8221;1_2&#8243; _builder_version=&#8221;4.14.8&#8243; _module_preset=&#8221;default&#8221; global_colors_info=&#8221;{}&#8221;][et_pb_button button_url=&#8221;@ET-DC@eyJkeW5hbWljIjp0cnVlLCJjb250ZW50IjoicG9zdF9saW5rX3VybF9wYWdlIiwic2V0dGluZ3MiOnsicG9zdF9pZCI6IjU4In19@&#8221; button_text=&#8221;Support us&#8221; _builder_version=&#8221;4.9.4&#8243; _dynamic_attributes=&#8221;button_url&#8221; _module_preset=&#8221;9781b462-f91b-4a3f-8283-2abec9bed746&#8243; positioning=&#8221;fixed&#8221; position_origin_f=&#8221;bottom_right&#8221; vertical_offset=&#8221;30px&#8221; horizontal_offset=&#8221;30px&#8221; hover_enabled=&#8221;0&#8243; global_colors_info=&#8221;{}&#8221; sticky_enabled=&#8221;0&#8243;][\/et_pb_button][\/et_pb_column][\/et_pb_row][\/et_pb_section]<\/p>\n","protected":false},"excerpt":{"rendered":"<p>Read on the scroll &gt;\u00a0 Create on the dedicated site &gt;\u00a0 Taste via BibleArt &gt;\u00a0In the age of digital humanities, the research program \u201cThe Bible in its Traditions\u201d studies the biblical books as the Word of God manifested in the words of men. Directed by the \u00c9cole biblique et arch\u00e9ologique of Jerusalem, it is dedicated [&hellip;]<\/p>\n","protected":false},"author":1,"featured_media":0,"parent":0,"menu_order":0,"comment_status":"closed","ping_status":"closed","template":"","meta":{"_acf_changed":false,"_et_pb_use_builder":"on","_et_pb_old_content":"","_et_gb_content_width":"","footnotes":""},"class_list":["post-2004","page","type-page","status-publish","hentry"],"acf":[],"yoast_head":"<!-- This site is optimized with the Yoast SEO plugin v26.3 - https:\/\/yoast.com\/wordpress\/plugins\/seo\/ -->\n<title>Home - Bible In Its Traditions<\/title>\n<meta name=\"description\" content=\"La Bible en ses Traditions est un projet de l\u2019\u00c9cole Biblique et Arch\u00e9ologique Fran\u00e7aise de J\u00e9rusalem, les cr\u00e9ateurs de la Bible de J\u00e9rusalem.\" \/>\n<meta name=\"robots\" content=\"index, follow, max-snippet:-1, max-image-preview:large, max-video-preview:-1\" \/>\n<link rel=\"canonical\" href=\"https:\/\/www.bibletraditions.org\/en\/\" \/>\n<meta property=\"og:locale\" content=\"en_US\" \/>\n<meta property=\"og:type\" content=\"article\" \/>\n<meta property=\"og:title\" content=\"Home - Bible In Its Traditions\" \/>\n<meta property=\"og:description\" content=\"La Bible en ses Traditions est un projet de l\u2019\u00c9cole Biblique et Arch\u00e9ologique Fran\u00e7aise de J\u00e9rusalem, les cr\u00e9ateurs de la Bible de J\u00e9rusalem.\" \/>\n<meta property=\"og:url\" content=\"https:\/\/www.bibletraditions.org\/en\/\" \/>\n<meta property=\"og:site_name\" content=\"Bible In Its Traditions\" \/>\n<meta property=\"article:modified_time\" content=\"2023-01-17T08:54:42+00:00\" \/>\n<meta property=\"og:image\" content=\"https:\/\/www.bibletraditions.org\/wp-content\/uploads\/2022\/03\/scroll-1.svg\" \/>\n<meta name=\"twitter:card\" content=\"summary_large_image\" \/>\n<script type=\"application\/ld+json\" class=\"yoast-schema-graph\">{\"@context\":\"https:\/\/schema.org\",\"@graph\":[{\"@type\":\"WebPage\",\"@id\":\"https:\/\/www.bibletraditions.org\/en\/\",\"url\":\"https:\/\/www.bibletraditions.org\/en\/\",\"name\":\"Home - Bible In Its Traditions\",\"isPartOf\":{\"@id\":\"https:\/\/www.bibletraditions.org\/#website\"},\"primaryImageOfPage\":{\"@id\":\"https:\/\/www.bibletraditions.org\/en\/#primaryimage\"},\"image\":{\"@id\":\"https:\/\/www.bibletraditions.org\/en\/#primaryimage\"},\"thumbnailUrl\":\"https:\/\/www.bibletraditions.org\/wp-content\/uploads\/2022\/03\/scroll-1.svg\",\"datePublished\":\"2022-03-07T14:13:36+00:00\",\"dateModified\":\"2023-01-17T08:54:42+00:00\",\"description\":\"La Bible en ses Traditions est un projet de l\u2019\u00c9cole Biblique et Arch\u00e9ologique Fran\u00e7aise de J\u00e9rusalem, les cr\u00e9ateurs de la Bible de J\u00e9rusalem.\",\"breadcrumb\":{\"@id\":\"https:\/\/www.bibletraditions.org\/en\/#breadcrumb\"},\"inLanguage\":\"en-US\",\"potentialAction\":[{\"@type\":\"ReadAction\",\"target\":[\"https:\/\/www.bibletraditions.org\/en\/\"]}]},{\"@type\":\"ImageObject\",\"inLanguage\":\"en-US\",\"@id\":\"https:\/\/www.bibletraditions.org\/en\/#primaryimage\",\"url\":\"https:\/\/www.bibletraditions.org\/wp-content\/uploads\/2022\/03\/scroll-1.svg\",\"contentUrl\":\"https:\/\/www.bibletraditions.org\/wp-content\/uploads\/2022\/03\/scroll-1.svg\"},{\"@type\":\"BreadcrumbList\",\"@id\":\"https:\/\/www.bibletraditions.org\/en\/#breadcrumb\",\"itemListElement\":[{\"@type\":\"ListItem\",\"position\":1,\"name\":\"Home\",\"item\":\"https:\/\/www.bibletraditions.org\/en\/\"},{\"@type\":\"ListItem\",\"position\":2,\"name\":\"Home\"}]},{\"@type\":\"WebSite\",\"@id\":\"https:\/\/www.bibletraditions.org\/#website\",\"url\":\"https:\/\/www.bibletraditions.org\/\",\"name\":\"Bible In Its Traditions\",\"description\":\"\",\"potentialAction\":[{\"@type\":\"SearchAction\",\"target\":{\"@type\":\"EntryPoint\",\"urlTemplate\":\"https:\/\/www.bibletraditions.org\/?s={search_term_string}\"},\"query-input\":{\"@type\":\"PropertyValueSpecification\",\"valueRequired\":true,\"valueName\":\"search_term_string\"}}],\"inLanguage\":\"en-US\"}]}<\/script>\n<!-- \/ Yoast SEO plugin. -->","yoast_head_json":{"title":"Home - Bible In Its Traditions","description":"La Bible en ses Traditions est un projet de l\u2019\u00c9cole Biblique et Arch\u00e9ologique Fran\u00e7aise de J\u00e9rusalem, les cr\u00e9ateurs de la Bible de J\u00e9rusalem.","robots":{"index":"index","follow":"follow","max-snippet":"max-snippet:-1","max-image-preview":"max-image-preview:large","max-video-preview":"max-video-preview:-1"},"canonical":"https:\/\/www.bibletraditions.org\/en\/","og_locale":"en_US","og_type":"article","og_title":"Home - Bible In Its Traditions","og_description":"La Bible en ses Traditions est un projet de l\u2019\u00c9cole Biblique et Arch\u00e9ologique Fran\u00e7aise de J\u00e9rusalem, les cr\u00e9ateurs de la Bible de J\u00e9rusalem.","og_url":"https:\/\/www.bibletraditions.org\/en\/","og_site_name":"Bible In Its Traditions","article_modified_time":"2023-01-17T08:54:42+00:00","og_image":[{"url":"https:\/\/www.bibletraditions.org\/wp-content\/uploads\/2022\/03\/scroll-1.svg","type":"","width":"","height":""}],"twitter_card":"summary_large_image","schema":{"@context":"https:\/\/schema.org","@graph":[{"@type":"WebPage","@id":"https:\/\/www.bibletraditions.org\/en\/","url":"https:\/\/www.bibletraditions.org\/en\/","name":"Home - Bible In Its Traditions","isPartOf":{"@id":"https:\/\/www.bibletraditions.org\/#website"},"primaryImageOfPage":{"@id":"https:\/\/www.bibletraditions.org\/en\/#primaryimage"},"image":{"@id":"https:\/\/www.bibletraditions.org\/en\/#primaryimage"},"thumbnailUrl":"https:\/\/www.bibletraditions.org\/wp-content\/uploads\/2022\/03\/scroll-1.svg","datePublished":"2022-03-07T14:13:36+00:00","dateModified":"2023-01-17T08:54:42+00:00","description":"La Bible en ses Traditions est un projet de l\u2019\u00c9cole Biblique et Arch\u00e9ologique Fran\u00e7aise de J\u00e9rusalem, les cr\u00e9ateurs de la Bible de J\u00e9rusalem.","breadcrumb":{"@id":"https:\/\/www.bibletraditions.org\/en\/#breadcrumb"},"inLanguage":"en-US","potentialAction":[{"@type":"ReadAction","target":["https:\/\/www.bibletraditions.org\/en\/"]}]},{"@type":"ImageObject","inLanguage":"en-US","@id":"https:\/\/www.bibletraditions.org\/en\/#primaryimage","url":"https:\/\/www.bibletraditions.org\/wp-content\/uploads\/2022\/03\/scroll-1.svg","contentUrl":"https:\/\/www.bibletraditions.org\/wp-content\/uploads\/2022\/03\/scroll-1.svg"},{"@type":"BreadcrumbList","@id":"https:\/\/www.bibletraditions.org\/en\/#breadcrumb","itemListElement":[{"@type":"ListItem","position":1,"name":"Home","item":"https:\/\/www.bibletraditions.org\/en\/"},{"@type":"ListItem","position":2,"name":"Home"}]},{"@type":"WebSite","@id":"https:\/\/www.bibletraditions.org\/#website","url":"https:\/\/www.bibletraditions.org\/","name":"Bible In Its Traditions","description":"","potentialAction":[{"@type":"SearchAction","target":{"@type":"EntryPoint","urlTemplate":"https:\/\/www.bibletraditions.org\/?s={search_term_string}"},"query-input":{"@type":"PropertyValueSpecification","valueRequired":true,"valueName":"search_term_string"}}],"inLanguage":"en-US"}]}},"_links":{"self":[{"href":"https:\/\/www.bibletraditions.org\/en\/wp-json\/wp\/v2\/pages\/2004","targetHints":{"allow":["GET"]}}],"collection":[{"href":"https:\/\/www.bibletraditions.org\/en\/wp-json\/wp\/v2\/pages"}],"about":[{"href":"https:\/\/www.bibletraditions.org\/en\/wp-json\/wp\/v2\/types\/page"}],"author":[{"embeddable":true,"href":"https:\/\/www.bibletraditions.org\/en\/wp-json\/wp\/v2\/users\/1"}],"replies":[{"embeddable":true,"href":"https:\/\/www.bibletraditions.org\/en\/wp-json\/wp\/v2\/comments?post=2004"}],"version-history":[{"count":7,"href":"https:\/\/www.bibletraditions.org\/en\/wp-json\/wp\/v2\/pages\/2004\/revisions"}],"predecessor-version":[{"id":3331,"href":"https:\/\/www.bibletraditions.org\/en\/wp-json\/wp\/v2\/pages\/2004\/revisions\/3331"}],"wp:attachment":[{"href":"https:\/\/www.bibletraditions.org\/en\/wp-json\/wp\/v2\/media?parent=2004"}],"curies":[{"name":"wp","href":"https:\/\/api.w.org\/{rel}","templated":true}]}}