{"id":3025,"date":"2022-03-08T10:17:41","date_gmt":"2022-03-08T09:17:41","guid":{"rendered":"https:\/\/www.bibletraditions.org\/soutenez\/"},"modified":"2023-01-17T09:55:01","modified_gmt":"2023-01-17T08:55:01","slug":"help-us","status":"publish","type":"page","link":"https:\/\/www.bibletraditions.org\/en\/help-us\/","title":{"rendered":"Support us"},"content":{"rendered":"<p>[et_pb_section fb_built=&#8221;1&#8243; custom_padding_last_edited=&#8221;on|tablet&#8221; _builder_version=&#8221;4.14.8&#8243; _module_preset=&#8221;default&#8221; background_color=&#8221;#004EDE&#8221; custom_padding=&#8221;73px||146px||false|false&#8221; custom_padding_tablet=&#8221;38px||76px||false|false&#8221; custom_padding_phone=&#8221;38px||76px||false|false&#8221; global_colors_info=&#8221;{}&#8221;][et_pb_row _builder_version=&#8221;4.14.8&#8243; _module_preset=&#8221;default&#8221; custom_padding=&#8221;0px|30px|0px|30px|false|false&#8221; global_colors_info=&#8221;{}&#8221;][et_pb_column type=&#8221;4_4&#8243; _builder_version=&#8221;4.14.8&#8243; _module_preset=&#8221;default&#8221; global_colors_info=&#8221;{}&#8221;][et_pb_post_title _builder_version=&#8221;4.14.8&#8243; _module_preset=&#8221;default&#8221; title_text_align=&#8221;center&#8221; title_text_color=&#8221;#FFFFFF&#8221; custom_margin=&#8221;||25px||false|false&#8221; title_text_align_tablet=&#8221;center&#8221; title_text_align_phone=&#8221;left&#8221; title_text_align_last_edited=&#8221;on|tablet&#8221; global_colors_info=&#8221;{}&#8221;][\/et_pb_post_title][et_pb_text _builder_version=&#8221;4.9.4&#8243; _module_preset=&#8221;default&#8221; text_text_color=&#8221;#FFFFFF&#8221; header_2_text_align=&#8221;center&#8221; header_2_text_color=&#8221;#FFFFFF&#8221; header_2_font_size=&#8221;20px&#8221; max_width=&#8221;600px&#8221; module_alignment=&#8221;center&#8221; header_2_font_size_last_edited=&#8221;off|desktop&#8221;]<\/p>\n<h2>Why support us?<\/h2>\n<p>We want to make the priceless heritage of Scripture and culture<br \/>\navailable to everyone for free.<\/p>\n<h2>Why free of charge?<\/h2>\n<p>Because it is our mission as Dominican friars, from Jerusalem: to make the Word of God known and loved.<\/p>\n<h2>This ambition has a cost<\/h2>\n<p>The work of research and its technical implementation require significant funding.<\/p>\n<h2>What will your donations be used for?<\/h2>\n<ul>\n<li>for paying the boarding costs of the research and publishing assistants who give a year of their life to join the adventure at the Priory in Jerusalem<\/li>\n<li>for developing and maintaining the sites and applications which are proposed to you<\/li>\n<li>for sustaining the Bible in its Traditions.<\/li>\n<\/ul>\n<p>A presentation of the accounts of the International Non Profit Association &#8220;The Bible in its Traditions&#8221; will be available once a year.<\/p>\n<p>[\/et_pb_text][et_pb_code _builder_version=&#8221;4.9.4&#8243; _module_preset=&#8221;default&#8221; hover_enabled=&#8221;0&#8243; sticky_enabled=&#8221;0&#8243;]<\/p>\n<form action=\"https:\/\/www.paypal.com\/donate\" method=\"post\" target=\"_top\" style=\"text-align:center;margin:auto;display:block;\"><!-- [et_pb_line_break_holder] --><input type=\"hidden\" name=\"hosted_button_id\" value=\"K5FHMRF4XX7GG\"><!-- [et_pb_line_break_holder] --><input type=\"image\" src=\"https:\/\/www.bibletraditions.org\/wp-content\/uploads\/2022\/12\/file.png\" border=\"0\" name=\"submit\" title=\"PayPal - The safer, easier way to pay online!\" alt=\"Bouton Faites un don avec PayPal\" style=\"width: 220px;\"><!-- [et_pb_line_break_holder] --><img loading=\"lazy\" decoding=\"async\" alt=\"\" border=\"0\" src=\"https:\/\/www.paypal.com\/fr_FR\/i\/scr\/pixel.gif\" width=\"1\" height=\"1\"><!-- [et_pb_line_break_holder] --><\/form>\n<p>[\/et_pb_code][\/et_pb_column][\/et_pb_row][\/et_pb_section]<\/p>\n","protected":false},"excerpt":{"rendered":"<p>Why support us? We want to make the priceless heritage of Scripture and culture available to everyone for free. Why free of charge? Because it is our mission as Dominican friars, from Jerusalem: to make the Word of God known and loved. This ambition has a cost The work of research and its technical implementation [&hellip;]<\/p>\n","protected":false},"author":1,"featured_media":0,"parent":0,"menu_order":0,"comment_status":"closed","ping_status":"closed","template":"","meta":{"_acf_changed":false,"_et_pb_use_builder":"on","_et_pb_old_content":"<!-- wp:divi\/placeholder \/-->","_et_gb_content_width":"","footnotes":""},"class_list":["post-3025","page","type-page","status-publish","hentry"],"acf":[],"yoast_head":"<!-- This site is optimized with the Yoast SEO plugin v26.3 - https:\/\/yoast.com\/wordpress\/plugins\/seo\/ -->\n<title>Support us - Bible In Its Traditions<\/title>\n<meta name=\"description\" content=\"Soutenez La Bible en ses Traditions, projet de l\u2019\u00c9cole Biblique et Arch\u00e9ologique Fran\u00e7aise de J\u00e9rusalem.\" \/>\n<meta name=\"robots\" content=\"index, follow, max-snippet:-1, max-image-preview:large, max-video-preview:-1\" \/>\n<link rel=\"canonical\" href=\"https:\/\/www.bibletraditions.org\/en\/help-us\/\" \/>\n<meta property=\"og:locale\" content=\"en_US\" \/>\n<meta property=\"og:type\" content=\"article\" \/>\n<meta property=\"og:title\" content=\"Support us - Bible In Its Traditions\" \/>\n<meta property=\"og:description\" content=\"Soutenez La Bible en ses Traditions, projet de l\u2019\u00c9cole Biblique et Arch\u00e9ologique Fran\u00e7aise de J\u00e9rusalem.\" \/>\n<meta property=\"og:url\" content=\"https:\/\/www.bibletraditions.org\/en\/help-us\/\" \/>\n<meta property=\"og:site_name\" content=\"Bible In Its Traditions\" \/>\n<meta property=\"article:modified_time\" content=\"2023-01-17T08:55:01+00:00\" \/>\n<meta property=\"og:image\" content=\"https:\/\/www.paypal.com\/fr_FR\/i\/scr\/pixel.gif\" \/>\n<meta name=\"twitter:card\" content=\"summary_large_image\" \/>\n<script type=\"application\/ld+json\" class=\"yoast-schema-graph\">{\"@context\":\"https:\/\/schema.org\",\"@graph\":[{\"@type\":\"WebPage\",\"@id\":\"https:\/\/www.bibletraditions.org\/en\/help-us\/\",\"url\":\"https:\/\/www.bibletraditions.org\/en\/help-us\/\",\"name\":\"Support us - Bible In Its Traditions\",\"isPartOf\":{\"@id\":\"https:\/\/www.bibletraditions.org\/#website\"},\"primaryImageOfPage\":{\"@id\":\"https:\/\/www.bibletraditions.org\/en\/help-us\/#primaryimage\"},\"image\":{\"@id\":\"https:\/\/www.bibletraditions.org\/en\/help-us\/#primaryimage\"},\"thumbnailUrl\":\"https:\/\/www.paypal.com\/fr_FR\/i\/scr\/pixel.gif\",\"datePublished\":\"2022-03-08T09:17:41+00:00\",\"dateModified\":\"2023-01-17T08:55:01+00:00\",\"description\":\"Soutenez La Bible en ses Traditions, projet de l\u2019\u00c9cole Biblique et Arch\u00e9ologique Fran\u00e7aise de J\u00e9rusalem.\",\"breadcrumb\":{\"@id\":\"https:\/\/www.bibletraditions.org\/en\/help-us\/#breadcrumb\"},\"inLanguage\":\"en-US\",\"potentialAction\":[{\"@type\":\"ReadAction\",\"target\":[\"https:\/\/www.bibletraditions.org\/en\/help-us\/\"]}]},{\"@type\":\"ImageObject\",\"inLanguage\":\"en-US\",\"@id\":\"https:\/\/www.bibletraditions.org\/en\/help-us\/#primaryimage\",\"url\":\"https:\/\/www.paypal.com\/fr_FR\/i\/scr\/pixel.gif\",\"contentUrl\":\"https:\/\/www.paypal.com\/fr_FR\/i\/scr\/pixel.gif\"},{\"@type\":\"BreadcrumbList\",\"@id\":\"https:\/\/www.bibletraditions.org\/en\/help-us\/#breadcrumb\",\"itemListElement\":[{\"@type\":\"ListItem\",\"position\":1,\"name\":\"Home\",\"item\":\"https:\/\/www.bibletraditions.org\/en\/\"},{\"@type\":\"ListItem\",\"position\":2,\"name\":\"Support us\"}]},{\"@type\":\"WebSite\",\"@id\":\"https:\/\/www.bibletraditions.org\/#website\",\"url\":\"https:\/\/www.bibletraditions.org\/\",\"name\":\"Bible In Its Traditions\",\"description\":\"\",\"potentialAction\":[{\"@type\":\"SearchAction\",\"target\":{\"@type\":\"EntryPoint\",\"urlTemplate\":\"https:\/\/www.bibletraditions.org\/?s={search_term_string}\"},\"query-input\":{\"@type\":\"PropertyValueSpecification\",\"valueRequired\":true,\"valueName\":\"search_term_string\"}}],\"inLanguage\":\"en-US\"}]}<\/script>\n<!-- \/ Yoast SEO plugin. -->","yoast_head_json":{"title":"Support us - Bible In Its Traditions","description":"Soutenez La Bible en ses Traditions, projet de l\u2019\u00c9cole Biblique et Arch\u00e9ologique Fran\u00e7aise de J\u00e9rusalem.","robots":{"index":"index","follow":"follow","max-snippet":"max-snippet:-1","max-image-preview":"max-image-preview:large","max-video-preview":"max-video-preview:-1"},"canonical":"https:\/\/www.bibletraditions.org\/en\/help-us\/","og_locale":"en_US","og_type":"article","og_title":"Support us - Bible In Its Traditions","og_description":"Soutenez La Bible en ses Traditions, projet de l\u2019\u00c9cole Biblique et Arch\u00e9ologique Fran\u00e7aise de J\u00e9rusalem.","og_url":"https:\/\/www.bibletraditions.org\/en\/help-us\/","og_site_name":"Bible In Its Traditions","article_modified_time":"2023-01-17T08:55:01+00:00","og_image":[{"url":"https:\/\/www.paypal.com\/fr_FR\/i\/scr\/pixel.gif","type":"","width":"","height":""}],"twitter_card":"summary_large_image","schema":{"@context":"https:\/\/schema.org","@graph":[{"@type":"WebPage","@id":"https:\/\/www.bibletraditions.org\/en\/help-us\/","url":"https:\/\/www.bibletraditions.org\/en\/help-us\/","name":"Support us - Bible In Its Traditions","isPartOf":{"@id":"https:\/\/www.bibletraditions.org\/#website"},"primaryImageOfPage":{"@id":"https:\/\/www.bibletraditions.org\/en\/help-us\/#primaryimage"},"image":{"@id":"https:\/\/www.bibletraditions.org\/en\/help-us\/#primaryimage"},"thumbnailUrl":"https:\/\/www.paypal.com\/fr_FR\/i\/scr\/pixel.gif","datePublished":"2022-03-08T09:17:41+00:00","dateModified":"2023-01-17T08:55:01+00:00","description":"Soutenez La Bible en ses Traditions, projet de l\u2019\u00c9cole Biblique et Arch\u00e9ologique Fran\u00e7aise de J\u00e9rusalem.","breadcrumb":{"@id":"https:\/\/www.bibletraditions.org\/en\/help-us\/#breadcrumb"},"inLanguage":"en-US","potentialAction":[{"@type":"ReadAction","target":["https:\/\/www.bibletraditions.org\/en\/help-us\/"]}]},{"@type":"ImageObject","inLanguage":"en-US","@id":"https:\/\/www.bibletraditions.org\/en\/help-us\/#primaryimage","url":"https:\/\/www.paypal.com\/fr_FR\/i\/scr\/pixel.gif","contentUrl":"https:\/\/www.paypal.com\/fr_FR\/i\/scr\/pixel.gif"},{"@type":"BreadcrumbList","@id":"https:\/\/www.bibletraditions.org\/en\/help-us\/#breadcrumb","itemListElement":[{"@type":"ListItem","position":1,"name":"Home","item":"https:\/\/www.bibletraditions.org\/en\/"},{"@type":"ListItem","position":2,"name":"Support us"}]},{"@type":"WebSite","@id":"https:\/\/www.bibletraditions.org\/#website","url":"https:\/\/www.bibletraditions.org\/","name":"Bible In Its Traditions","description":"","potentialAction":[{"@type":"SearchAction","target":{"@type":"EntryPoint","urlTemplate":"https:\/\/www.bibletraditions.org\/?s={search_term_string}"},"query-input":{"@type":"PropertyValueSpecification","valueRequired":true,"valueName":"search_term_string"}}],"inLanguage":"en-US"}]}},"_links":{"self":[{"href":"https:\/\/www.bibletraditions.org\/en\/wp-json\/wp\/v2\/pages\/3025","targetHints":{"allow":["GET"]}}],"collection":[{"href":"https:\/\/www.bibletraditions.org\/en\/wp-json\/wp\/v2\/pages"}],"about":[{"href":"https:\/\/www.bibletraditions.org\/en\/wp-json\/wp\/v2\/types\/page"}],"author":[{"embeddable":true,"href":"https:\/\/www.bibletraditions.org\/en\/wp-json\/wp\/v2\/users\/1"}],"replies":[{"embeddable":true,"href":"https:\/\/www.bibletraditions.org\/en\/wp-json\/wp\/v2\/comments?post=3025"}],"version-history":[{"count":6,"href":"https:\/\/www.bibletraditions.org\/en\/wp-json\/wp\/v2\/pages\/3025\/revisions"}],"predecessor-version":[{"id":3332,"href":"https:\/\/www.bibletraditions.org\/en\/wp-json\/wp\/v2\/pages\/3025\/revisions\/3332"}],"wp:attachment":[{"href":"https:\/\/www.bibletraditions.org\/en\/wp-json\/wp\/v2\/media?parent=3025"}],"curies":[{"name":"wp","href":"https:\/\/api.w.org\/{rel}","templated":true}]}}